{"id":99,"date":"2024-12-22T14:43:36","date_gmt":"2024-12-22T13:43:36","guid":{"rendered":"https:\/\/a3partner.com\/sserpdrow\/?page_id=99"},"modified":"2025-06-24T18:01:21","modified_gmt":"2025-06-24T16:01:21","slug":"lieferantenzahlungsziele","status":"publish","type":"page","link":"https:\/\/a3partner.com\/sserpdrow\/lieferantenzahlungsziele\/","title":{"rendered":"Optimierte Lieferantenzahlungsziele"},"content":{"rendered":"<p><a href=\"https:\/\/a3partner.com\/sserpdrow\/\"><strong>zur\u00fcck zur Homepage<\/strong><\/a><\/p>\n<p>&nbsp;<\/p>\n<h1 class=\"western\"><span style=\"color: #000000;\"><span style=\"font-family: Times New Roman, serif;\"><span style=\"font-size: x-large;\"><b>Optimierte Lieferantenzahlungsziele = Wareneinkaufsfinanzierung mit A\u00b3 Handelspartner = A\u00b3IF<\/b><\/span><\/span><\/span><\/h1>\n<p>&nbsp;<\/p>\n<p><span style=\"color: #000000;\"><span style=\"font-family: Times New Roman, serif;\"><span style=\"font-size: large;\">Unsere eigenen Handelsaktivit\u00e4ten sind klar fokussiert auf DIY-Artikel, auf die Handelsstufe vor dem Baumarkt.<br \/>\nGenerell wollen wir Partner f\u00fcr den deutschen Mittelstand sein und bieten deshalb, unabh\u00e4ngig von der Branche, kleinen und mittelst\u00e4ndischen Unternehmen (KMU) bedarfsgerechte Optimierungsl\u00f6sungen an &#8211; als Alternative \/ Erg\u00e4nzung zu teuren und komplizierten Bankangeboten. Dabei unterst\u00fctzen wir KMU erfolgreich bei der Wareneinkaufsfinanzierung und gerne auch Sie, f\u00fcr fast jede Branche.<\/span><\/span><\/span><\/p>\n<p style=\"text-align: left;\" align=\"JUSTIFY\"><span style=\"color: #000000;\"><span style=\"font-family: Times New Roman, serif;\"><span style=\"font-size: large;\">Wir bieten Ihnen den Einkauf von unverderblichen Waren \u00fcber unser Handelshaus mit einem verl\u00e4ngerten Zahlungsziel von bis zu 90 Kalendertagen an. Ausgeschlossen sind \u00a0genehmigungspflichtige und verderbliche Handelswaren.<\/span><\/span><\/span><\/p>\n<p style=\"text-align: left;\" align=\"JUSTIFY\"><span style=\"color: #000000;\"><span style=\"font-family: Times New Roman, serif;\"><span style=\"font-size: large;\">Die Wareneinkaufsfinanzierung, A\u00b3IF (A\u00b3 Invoice Finance) l\u00e4uft ganz einfach wie folgt ab:<\/span><\/span><\/span><\/p>\n<ul>\n<li>\n<p style=\"text-align: left;\" align=\"LEFT\"><span style=\"color: #000000;\"><span style=\"font-family: Times New Roman, serif;\"><span style=\"font-size: large;\">Die von Ihnen ben\u00f6tigten Waren kaufen wir auf unsere Rechnung bei Ihrem Lieferanten ein.<\/span><\/span><\/span><\/p>\n<\/li>\n<li>\n<p align=\"LEFT\"><span style=\"color: #000000;\"><span style=\"font-family: Times New Roman, serif;\"><span style=\"font-size: large;\">Die Warenlieferung erfolgt direkt an einen von Ihnen bestimmten Lieferort (auf Strecke).<\/span><\/span><\/span><\/p>\n<\/li>\n<li>\n<p align=\"LEFT\"><span style=\"color: #000000;\"><span style=\"font-family: Times New Roman, serif;\"><span style=\"font-size: large;\">Nach Warenlieferung erfolgt die Rechnungslegung an Ihr Unternehmen mit einem Zahlungsziel von maximal 90 Kalendertagen ab Lieferdatum.<\/span><\/span><\/span><\/p>\n<\/li>\n<li>\n<p align=\"LEFT\"><span style=\"color: #000000;\"><span style=\"font-family: Times New Roman, serif;\"><span style=\"font-size: large;\">F\u00fcr die Bereitstellung unserer Services erheben wir je Rechnung eine Handlingpauschale i.H. von 6,4% des jeweiligen Rechnungsbetrages bei einem Zahlungsziel von bis zu 90 Kalendertagen.<\/span><\/span><\/span><\/p>\n<\/li>\n<li>\n<p align=\"JUSTIFY\"><span style=\"color: #000000;\"><span style=\"font-family: Times New Roman, serif;\"><span style=\"font-size: large;\">F\u00fcr Neukunden erheben wir eine einmalige Onboarding Fee in H\u00f6he von 1,0%. des Finanzierungsbetrages.<\/span><\/span><\/span><\/p>\n<\/li>\n<\/ul>\n<h3 align=\"JUSTIFY\"><span style=\"color: #000000;\"><span style=\"font-family: Times New Roman, serif;\"><span style=\"font-size: large;\"><b>Sie sind interessiert?<\/b><\/span><\/span><\/span><\/h3>\n<p align=\"JUSTIFY\"><span style=\"color: #000000;\"><span style=\"font-family: Times New Roman, serif;\"><span style=\"font-size: large;\">Wir k\u00f6nnen Ihnen gerne ein unverbindliches Angebot unterbreiten.<\/span><\/span><\/span><\/p>\n<p align=\"JUSTIFY\"><a href=\"https:\/\/a3partner.com\/sserpdrow\/\"><strong>zur\u00fcck zur Homepage<\/strong><\/a><\/p>\n<p align=\"JUSTIFY\">\n","protected":false},"excerpt":{"rendered":"<p>zur\u00fcck zur Homepage &nbsp; Optimierte Lieferantenzahlungsziele = Wareneinkaufsfinanzierung mit A\u00b3 Handelspartner = A\u00b3IF &nbsp; Unsere eigenen Handelsaktivit\u00e4ten sind klar fokussiert [&hellip;]<\/p>\n","protected":false},"author":2,"featured_media":0,"parent":0,"menu_order":0,"comment_status":"closed","ping_status":"closed","template":"","meta":{"site-sidebar-layout":"default","site-content-layout":"","ast-site-content-layout":"default","site-content-style":"default","site-sidebar-style":"default","ast-global-header-display":"","ast-banner-title-visibility":"","ast-main-header-display":"","ast-hfb-above-header-display":"","ast-hfb-below-header-display":"","ast-hfb-mobile-header-display":"","site-post-title":"","ast-breadcrumbs-content":"","ast-featured-img":"","footer-sml-layout":"","theme-transparent-header-meta":"default","adv-header-id-meta":"","stick-header-meta":"","header-above-stick-meta":"","header-main-stick-meta":"","header-below-stick-meta":"","astra-migrate-meta-layouts":"set","ast-page-background-enabled":"default","ast-page-background-meta":{"desktop":{"background-color":"var(--ast-global-color-4)","background-image":"","background-repeat":"repeat","background-position":"center center","background-size":"auto","background-attachment":"scroll","background-type":"","background-media":"","overlay-type":"","overlay-color":"","overlay-opacity":"","overlay-gradient":""},"tablet":{"background-color":"","background-image":"","background-repeat":"repeat","background-position":"center center","background-size":"auto","background-attachment":"scroll","background-type":"","background-media":"","overlay-type":"","overlay-color":"","overlay-opacity":"","overlay-gradient":""},"mobile":{"background-color":"","background-image":"","background-repeat":"repeat","background-position":"center center","background-size":"auto","background-attachment":"scroll","background-type":"","background-media":"","overlay-type":"","overlay-color":"","overlay-opacity":"","overlay-gradient":""}},"ast-content-background-meta":{"desktop":{"background-color":"var(--ast-global-color-5)","background-image":"","background-repeat":"repeat","background-position":"center center","background-size":"auto","background-attachment":"scroll","background-type":"","background-media":"","overlay-type":"","overlay-color":"","overlay-opacity":"","overlay-gradient":""},"tablet":{"background-color":"var(--ast-global-color-5)","background-image":"","background-repeat":"repeat","background-position":"center center","background-size":"auto","background-attachment":"scroll","background-type":"","background-media":"","overlay-type":"","overlay-color":"","overlay-opacity":"","overlay-gradient":""},"mobile":{"background-color":"var(--ast-global-color-5)","background-image":"","background-repeat":"repeat","background-position":"center center","background-size":"auto","background-attachment":"scroll","background-type":"","background-media":"","overlay-type":"","overlay-color":"","overlay-opacity":"","overlay-gradient":""}},"footnotes":""},"class_list":["post-99","page","type-page","status-publish","hentry"],"_links":{"self":[{"href":"https:\/\/a3partner.com\/sserpdrow\/wp-json\/wp\/v2\/pages\/99","targetHints":{"allow":["GET"]}}],"collection":[{"href":"https:\/\/a3partner.com\/sserpdrow\/wp-json\/wp\/v2\/pages"}],"about":[{"href":"https:\/\/a3partner.com\/sserpdrow\/wp-json\/wp\/v2\/types\/page"}],"author":[{"embeddable":true,"href":"https:\/\/a3partner.com\/sserpdrow\/wp-json\/wp\/v2\/users\/2"}],"replies":[{"embeddable":true,"href":"https:\/\/a3partner.com\/sserpdrow\/wp-json\/wp\/v2\/comments?post=99"}],"version-history":[{"count":10,"href":"https:\/\/a3partner.com\/sserpdrow\/wp-json\/wp\/v2\/pages\/99\/revisions"}],"predecessor-version":[{"id":203,"href":"https:\/\/a3partner.com\/sserpdrow\/wp-json\/wp\/v2\/pages\/99\/revisions\/203"}],"wp:attachment":[{"href":"https:\/\/a3partner.com\/sserpdrow\/wp-json\/wp\/v2\/media?parent=99"}],"curies":[{"name":"wp","href":"https:\/\/api.w.org\/{rel}","templated":true}]}}