{"id":2,"date":"2024-10-17T15:24:54","date_gmt":"2024-10-17T13:24:54","guid":{"rendered":"https:\/\/a3partner.com\/sserpdrow\/?page_id=2"},"modified":"2026-03-02T19:10:36","modified_gmt":"2026-03-02T18:10:36","slug":"startseite","status":"publish","type":"page","link":"https:\/\/a3partner.com\/sserpdrow\/","title":{"rendered":"A\u00b3 Partner GmbH"},"content":{"rendered":"<h1><\/h1>\n<h2 style=\"text-align: left;\"><span style=\"font-size: 2em; font-weight: bold;\">A\u00b3 Handelspartner GmbH \u00a0 \u00a0 \u00a0 \u00a0 \u00a0 \u00a0 \u00a0 \u00a0 \u00a0 \u00a0 \u00a0 \u00a0 \u00a0 \u00a0 \u00a0 <img loading=\"lazy\" decoding=\"async\" class=\"size-full wp-image-10 alignright\" src=\"https:\/\/a3partner.com\/sserpdrow\/wp-content\/uploads\/2024\/10\/Logo_gross.png\" alt=\"\" width=\"630\" height=\"718\" srcset=\"https:\/\/a3partner.com\/sserpdrow\/wp-content\/uploads\/2024\/10\/Logo_gross.png 630w, https:\/\/a3partner.com\/sserpdrow\/wp-content\/uploads\/2024\/10\/Logo_gross-263x300.png 263w\" sizes=\"auto, (max-width: 630px) 100vw, 630px\" \/>\u00a0 \u00a0 \u00a0 \u00a0 \u00a0 \u00a0 \u00a0 \u00a0 \u00a0 \u00a0 \u00a0 \u00a0 \u00a0 \u00a0 \u00a0 \u00a0 \u00a0 \u00a0 \u00a0 \u00a0 \u00a0 \u00a0 \u00a0 \u00a0 \u00a0 \u00a0 \u00a0 \u00a0 \u00a0 \u00a0 \u00a0 \u00a0 \u00a0 \u00a0 \u00a0 \u00a0 \u00a0 \u00a0 \u00a0 \u00a0 \u00a0 \u00a0 \u00a0\u00a0 \u00a0 \u00a0 \u00a0 \u00a0 \u00a0 \u00a0 \u00a0 \u00a0 \u00a0 \u00a0 \u00a0 \u00a0 \u00a0 \u00a0 \u00a0 \u00a0 \u00a0 \u00a0 \u00a0 \u00a0 \u00a0 \u00a0 \u00a0 \u00a0 \u00a0 \u00a0 \u00a0 \u00a0 \u00a0 \u00a0 \u00a0 \u00a0 \u00a0 \u00a0 \u00a0 \u00a0 \u00a0 \u00a0 \u00a0 \u00a0 \u00a0 \u00a0 \u00a0 \u00a0 \u00a0 \u00a0 \u00a0 \u00a0 \u00a0 \u00a0 \u00a0 \u00a0 \u00a0 \u00a0 \u00a0 <\/span><\/h2>\n<h3><strong>Erfahrung trifft Vision<\/strong><\/h3>\n<p>Erfolgreich gewachsen \u2013 jetzt auf eigenen Wegen<\/p>\n<p>Die A\u00b3 Handelspartner GmbH wurde von kompetenten F\u00fchrungskr\u00e4ften aus dem Gro\u00dfhandel gegr\u00fcndet, die ihre bisherige Zusammenarbeit in einem neuen Unternehmen fortsetzen.<\/p>\n<p>Im Wort- Bildlogo A\u00b3 steht A f\u00fcr \u201edas Erste\u201c bzw. f\u00fcr \u201eden Primus\u201c der Anbieter im Markt und \u00b3 f\u00fcr das damit verbundene Service-Versprechen an unsere Kunden und Lieferanten:<\/p>\n<div><\/div>\n<div>\n<div>\n<ul>\n<li>Auf A\u00b3 ist Verlass \u2013 eine R\u00fcckmeldung erfolgt stets am gleichen Tag<\/li>\n<li>Auf A\u00b3 ist Verlass \u2013 wir suchen und finden im In- und Ausland<\/li>\n<li>\n<div>Auf A\u00b3 ist Verlass \u2013 wir liefern ein Match i.d.R. innerhalb von 48h<\/div>\n<div><\/div>\n<\/li>\n<\/ul>\n<\/div>\n<\/div>\n<h3><\/h3>\n<p>&nbsp;<\/p>\n<div>\n<h3><strong>AI <\/strong><strong>Mission &#8211; daran arbeiten wir..<\/strong><\/h3>\n<p>Mehr Wachstum f\u00fcr unsere Kunden durch KI-basiertes B2B Matching auf \u00a0unserer neuen Lieferanten und Kunden Plattform.<\/p>\n<p>A\u00b3 unterst\u00fctzt Gro\u00dfh\u00e4ndler, ihre Einkaufsprozesse und finanzielle Flexibilit\u00e4t zu optimieren:<\/p>\n<ul>\n<li>Ma\u00dfgeschneiderte L\u00f6sungen<\/li>\n<li>Pers\u00f6nliche Beratung<\/li>\n<li>Schnelle softwareunterst\u00fctzte Prozesse<\/li>\n<\/ul>\n<\/div>\n<p>Ein Matching bisher erfolgte i.d.R. auf Basis eines Algorithmus \u2013 wir machen das Matching jetzt intelligent!<\/p>\n<p>Die effiziente Zusammenf\u00fchrung von Angebot und Nachfrage stellt eine st\u00e4ndige Herausforderung dar, die mit festgelegten Annahmen (Algorithmus) nicht nachhaltig gemeistert werden kann. Vor diesem Hintergrund wird die\u00a0 A\u00b3 Handelspartner GmbH eine KI-basierte Plattform entwickeln, die die wesentlichen Anforderungen des Sourcing und des Purchasements\u00a0 \u201eintelligent\u201c miteinander verbindet.<\/p>\n<p>&nbsp;<\/p>\n<h3><strong>Unique selling proposition (USP)<\/strong><\/h3>\n<p>Unser USP liegt in unserer langj\u00e4hrigen und tiefgreifenden Vernetzung mit Lieferanten und Gro\u00dfh\u00e4ndlern, die als Vorstufe des DIY-Handels agieren.<\/p>\n<p>Besonders hervorzuheben ist die umfassende Produktbreite, die wir unterst\u00fctzen sowie unser softwaregest\u00fctztes und einzigartiges Matching-System zwischen Lieferanten und Gro\u00dfh\u00e4ndlern (Second Source). Diese Kombination macht uns zu einem unverzichtbaren Handelspartner mit zus\u00e4tzlicher Beratungsst\u00e4rke und strategischem Mehrwert.<\/p>\n<p>&nbsp;<\/p>\n<h3><strong>Gesch\u00e4ftsmodell &#8211; bew\u00e4hrtes Konzept<\/strong><\/h3>\n<p>Wir sind ein Handelsunternehmen mit klarem Fokus auf DIY-Artikel.<\/p>\n<p>Unser Fokus: Die Handelsstufe vor dem Baumarkt!<\/p>\n<p>Wir arbeiten eng mit den Lieferanten zusammen und die Gro\u00dfh\u00e4ndler, die die DIY M\u00e4rkte beliefern sind unsere Kunden.<\/p>\n<p>Die Produktgruppen sind Gartenm\u00f6bel, M\u00f6bel und Kleinm\u00f6bel, E-Bikes, Holzbauteile, Werkzeuge, Elektroartikel und Kabel bis hin zu Tierprodukten wie Spielzeug und Textilien.<\/p>\n<p>&nbsp;<\/p>\n<h3><strong>Unser Gesch\u00e4ftsmodell<\/strong><\/h3>\n<h3><strong>\u2026 das seit Jahren erfolgreich ist.<\/strong><\/h3>\n<p>&nbsp;<\/p>\n<h3>Bitte nehmen Sie mit uns Kontakt auf und zur schnellstm\u00f6glichen Bearbeitung Ihrer Anfrage laden Sie bitte folgende Unterlagen \/ Dokumente hoch und\/oder schreiben kurz zu Ihren Vorhaben:<\/h3>\n<p>&nbsp;<\/p>\n<p><strong>I. \u00a0 \u00a0Wenn Sie bei uns Waren bestellen wollen:<\/strong><\/p>\n<ol>\n<li>Aktueller Handelsregisterauszug<\/li>\n<li>Kopie des Personalausweises des Antragstellers \/ gesetzlichen Vertreters<\/li>\n<li>Beschreiben Sie Ihre Bestellung, insbesondere die Spezifikation der Waren. Wir werden Sie nach Erhalt unmittelbar anrufen um die Bestellung zu best\u00e4tigen.<\/li>\n<\/ol>\n<p>&nbsp;<\/p>\n<p><strong>II. \u00a0 Wenn Sie Ihr Lieferantenportfolio vergr\u00f6\u00dfern wollen (Second Source):<\/strong><\/p>\n<ol>\n<li>Nennen Sie uns <strong>zus\u00e4tzlich<\/strong> noch ein oder zwei Ihrer Bestandslieferanten<\/li>\n<li>Beschreiben Sie kurz, warum Sie eine Second Source suchen<\/li>\n<li>Nennen Sie uns kurz, was Sie an Vorteilen suchen<\/li>\n<\/ol>\n<p>&nbsp;<\/p>\n<p><strong>Wir unterst\u00fctzen Sie auch, wenn Sie einfach nur eine qualifizierte betriebswirtschaftliche Beratung (Handel und Finanzierung) suchen. Bitte nutzen Sie zur Kontaktaufnahme das Kontaktformular.<\/strong><\/p>\n<p><strong>Bitte f\u00fcllen Sie das Formular vollst\u00e4ndig aus &#8211; wir melden uns umgehend bei Ihnen und freuen uns auf die Zusammenarbeit!<\/strong><\/p>\n<p>&nbsp;<\/p>\n\n<div class=\"wpcf7 no-js\" id=\"wpcf7-f178-o1\" lang=\"de-DE\" dir=\"ltr\" data-wpcf7-id=\"178\">\n<div class=\"screen-reader-response\"><p role=\"status\" aria-live=\"polite\" aria-atomic=\"true\"><\/p> <ul><\/ul><\/div>\n<form action=\"\/sserpdrow\/wp-json\/wp\/v2\/pages\/2#wpcf7-f178-o1\" method=\"post\" class=\"wpcf7-form init\" aria-label=\"Kontaktformular\" enctype=\"multipart\/form-data\" novalidate=\"novalidate\" data-status=\"init\">\n<fieldset class=\"hidden-fields-container\"><input type=\"hidden\" name=\"_wpcf7\" value=\"178\" \/><input type=\"hidden\" name=\"_wpcf7_version\" value=\"6.1.1\" \/><input type=\"hidden\" name=\"_wpcf7_locale\" value=\"de_DE\" \/><input type=\"hidden\" name=\"_wpcf7_unit_tag\" value=\"wpcf7-f178-o1\" \/><input type=\"hidden\" name=\"_wpcf7_container_post\" value=\"0\" \/><input type=\"hidden\" name=\"_wpcf7_posted_data_hash\" value=\"\" \/>\n<\/fieldset>\n<p> Ihr Vorname \/ Your First Name*<b \/><br \/>\n<span class=\"wpcf7-form-control-wrap\" data-name=\"your-Vorname\"><input size=\"40\" maxlength=\"400\" class=\"wpcf7-form-control wpcf7-text wpcf7-validates-as-required\" autocomplete=\"name\" aria-required=\"true\" aria-invalid=\"false\" value=\"\" type=\"text\" name=\"your-Vorname\" \/><\/span> <\/b>\n<\/p>\n<p> Ihr Nachname \/ Your Name*<b \/><br \/>\n<span class=\"wpcf7-form-control-wrap\" data-name=\"your-Nachname\"><input size=\"40\" maxlength=\"400\" class=\"wpcf7-form-control wpcf7-text wpcf7-validates-as-required\" autocomplete=\"name\" aria-required=\"true\" aria-invalid=\"false\" value=\"\" type=\"text\" name=\"your-Nachname\" \/><\/span> <\/b>\n<\/p>\n<p> Das Unternehmen f\u00fcr das Sie hier verantwortlich zeichnen \/ The company you sign for*<b \/><br \/>\n<span class=\"wpcf7-form-control-wrap\" data-name=\"your-company\"><input size=\"40\" maxlength=\"400\" class=\"wpcf7-form-control wpcf7-text wpcf7-validates-as-required\" autocomplete=\"name\" aria-required=\"true\" aria-invalid=\"false\" value=\"\" type=\"text\" name=\"your-company\" \/><\/span> <\/b>\n<\/p>\n<p> Ihre Stellung im Unternehmen \/ Your Position*<b \/><br \/>\n<span class=\"wpcf7-form-control-wrap\" data-name=\"checkbox-173\"><span class=\"wpcf7-form-control wpcf7-checkbox wpcf7-validates-as-required\"><span class=\"wpcf7-list-item first\"><label><input type=\"checkbox\" name=\"checkbox-173[]\" value=\"Vorstand, Gesch\u00e4ftsf\u00fchrer \/ Managing Director\" \/><span class=\"wpcf7-list-item-label\">Vorstand, Gesch\u00e4ftsf\u00fchrer \/ Managing Director<\/span><\/label><\/span><span class=\"wpcf7-list-item\"><label><input type=\"checkbox\" name=\"checkbox-173[]\" value=\"Prokurist \/ Authorized signatory\" \/><span class=\"wpcf7-list-item-label\">Prokurist \/ Authorized signatory<\/span><\/label><\/span><span class=\"wpcf7-list-item\"><label><input type=\"checkbox\" name=\"checkbox-173[]\" value=\"Handlungsbevollm\u00e4chtigter \/ Authorized representative\" \/><span class=\"wpcf7-list-item-label\">Handlungsbevollm\u00e4chtigter \/ Authorized representative<\/span><\/label><\/span><span class=\"wpcf7-list-item last\"><label><input type=\"checkbox\" name=\"checkbox-173[]\" value=\"Sonstiges \/ Else\" \/><span class=\"wpcf7-list-item-label\">Sonstiges \/ Else<\/span><\/label><\/span><\/span><\/span> <\/b>\n<\/p>\n<p> Ihre E-Mail-Adresse \/ Your Email*<b \/><br \/>\n<span class=\"wpcf7-form-control-wrap\" data-name=\"email-293\"><input size=\"40\" maxlength=\"400\" class=\"wpcf7-form-control wpcf7-email wpcf7-validates-as-required wpcf7-text wpcf7-validates-as-email\" aria-required=\"true\" aria-invalid=\"false\" value=\"\" type=\"email\" name=\"email-293\" \/><\/span> <\/b>\n<\/p>\n<p> Ihre Telefonnummer \/ Your Telephonenumber*<b \/><br \/>\n<span class=\"wpcf7-form-control-wrap\" data-name=\"tel-127\"><input size=\"40\" maxlength=\"400\" class=\"wpcf7-form-control wpcf7-tel wpcf7-validates-as-required wpcf7-text wpcf7-validates-as-tel\" aria-required=\"true\" aria-invalid=\"false\" value=\"\" type=\"tel\" name=\"tel-127\" \/><\/span> <\/b>\n<\/p>\n<p> Betreff \/ Regarding*<b \/><br \/>\n<span class=\"wpcf7-form-control-wrap\" data-name=\"your-subject\"><input size=\"40\" maxlength=\"400\" class=\"wpcf7-form-control wpcf7-text wpcf7-validates-as-required\" aria-required=\"true\" aria-invalid=\"false\" value=\"\" type=\"text\" name=\"your-subject\" \/><\/span> <\/b>\n<\/p>\n<p> Ihre Nachricht \/ Your Message (optional)<b \/><br \/>\n<span class=\"wpcf7-form-control-wrap\" data-name=\"your-message\"><textarea cols=\"40\" rows=\"10\" maxlength=\"2000\" class=\"wpcf7-form-control wpcf7-textarea\" aria-invalid=\"false\" name=\"your-message\"><\/textarea><\/span> <\/b>\n<\/p>\n<p> Hier k\u00f6nnen Sie uns Dateien bzw. Dokumente hochladen \/ to uploud files and documents (optional)<b \/><br \/>\n<span class=\"wpcf7-form-control-wrap\" data-name=\"your-file\"><input size=\"40\" class=\"wpcf7-form-control wpcf7-file\" accept=\"image\/*,.xls,.xlsx,.doc,.docx,.ods,.odt,.odp,.ppt,.pptx,application\/pdf\" aria-invalid=\"false\" type=\"file\" name=\"your-file\" \/><\/span><br \/>\n<span class=\"wpcf7-form-control-wrap\" data-name=\"your-another-file\"><input size=\"40\" class=\"wpcf7-form-control wpcf7-file\" accept=\"image\/*,.xls,.xlsx,.doc,.docx,.ods,.odt,.odp,.ppt,.pptx,application\/pdf\" aria-invalid=\"false\" type=\"file\" name=\"your-another-file\" \/><\/span> <\/b>\n<\/p>\n<p><input class=\"wpcf7-form-control wpcf7-submit has-spinner\" type=\"submit\" value=\"Senden \/ Send\" \/>\n<\/p><p style=\"display: none !important;\" class=\"akismet-fields-container\" data-prefix=\"_wpcf7_ak_\"><label>&#916;<textarea name=\"_wpcf7_ak_hp_textarea\" cols=\"45\" rows=\"8\" maxlength=\"100\"><\/textarea><\/label><input type=\"hidden\" id=\"ak_js_1\" name=\"_wpcf7_ak_js\" value=\"224\"\/><script>document.getElementById( \"ak_js_1\" ).setAttribute( \"value\", ( new Date() ).getTime() );<\/script><\/p><div class=\"wpcf7-response-output\" aria-hidden=\"true\"><\/div>\n<\/form>\n<\/div>\n\n<p>&nbsp;<\/p>\n<p><strong>*erforderliche Eingabe<\/strong><\/p>\n<p>&nbsp;<\/p>\n<p>&nbsp;<\/p>\n<p>&nbsp;<\/p>\n<p>&nbsp;<\/p>\n<p>&nbsp;<\/p>\n<p>&nbsp;<\/p>\n<p>&nbsp;<\/p>\n","protected":false},"excerpt":{"rendered":"<p>A\u00b3 Handelspartner GmbH \u00a0 \u00a0 \u00a0 \u00a0 \u00a0 \u00a0 \u00a0 \u00a0 \u00a0 \u00a0 \u00a0 \u00a0 \u00a0 \u00a0 \u00a0 \u00a0 \u00a0 [&hellip;]<\/p>\n","protected":false},"author":1,"featured_media":0,"parent":0,"menu_order":0,"comment_status":"closed","ping_status":"open","template":"","meta":{"site-sidebar-layout":"default","site-content-layout":"","ast-site-content-layout":"default","site-content-style":"default","site-sidebar-style":"default","ast-global-header-display":"","ast-banner-title-visibility":"","ast-main-header-display":"","ast-hfb-above-header-display":"","ast-hfb-below-header-display":"","ast-hfb-mobile-header-display":"","site-post-title":"","ast-breadcrumbs-content":"","ast-featured-img":"","footer-sml-layout":"","theme-transparent-header-meta":"default","adv-header-id-meta":"","stick-header-meta":"","header-above-stick-meta":"","header-main-stick-meta":"","header-below-stick-meta":"","astra-migrate-meta-layouts":"set","ast-page-background-enabled":"default","ast-page-background-meta":{"desktop":{"background-color":"var(--ast-global-color-4)","background-image":"","background-repeat":"repeat","background-position":"center center","background-size":"auto","background-attachment":"scroll","background-type":"","background-media":"","overlay-type":"","overlay-color":"","overlay-opacity":"","overlay-gradient":""},"tablet":{"background-color":"","background-image":"","background-repeat":"repeat","background-position":"center center","background-size":"auto","background-attachment":"scroll","background-type":"","background-media":"","overlay-type":"","overlay-color":"","overlay-opacity":"","overlay-gradient":""},"mobile":{"background-color":"","background-image":"","background-repeat":"repeat","background-position":"center center","background-size":"auto","background-attachment":"scroll","background-type":"","background-media":"","overlay-type":"","overlay-color":"","overlay-opacity":"","overlay-gradient":""}},"ast-content-background-meta":{"desktop":{"background-color":"var(--ast-global-color-5)","background-image":"","background-repeat":"repeat","background-position":"center center","background-size":"auto","background-attachment":"scroll","background-type":"","background-media":"","overlay-type":"","overlay-color":"","overlay-opacity":"","overlay-gradient":""},"tablet":{"background-color":"var(--ast-global-color-5)","background-image":"","background-repeat":"repeat","background-position":"center center","background-size":"auto","background-attachment":"scroll","background-type":"","background-media":"","overlay-type":"","overlay-color":"","overlay-opacity":"","overlay-gradient":""},"mobile":{"background-color":"var(--ast-global-color-5)","background-image":"","background-repeat":"repeat","background-position":"center center","background-size":"auto","background-attachment":"scroll","background-type":"","background-media":"","overlay-type":"","overlay-color":"","overlay-opacity":"","overlay-gradient":""}},"footnotes":""},"class_list":["post-2","page","type-page","status-publish","hentry"],"_links":{"self":[{"href":"https:\/\/a3partner.com\/sserpdrow\/wp-json\/wp\/v2\/pages\/2","targetHints":{"allow":["GET"]}}],"collection":[{"href":"https:\/\/a3partner.com\/sserpdrow\/wp-json\/wp\/v2\/pages"}],"about":[{"href":"https:\/\/a3partner.com\/sserpdrow\/wp-json\/wp\/v2\/types\/page"}],"author":[{"embeddable":true,"href":"https:\/\/a3partner.com\/sserpdrow\/wp-json\/wp\/v2\/users\/1"}],"replies":[{"embeddable":true,"href":"https:\/\/a3partner.com\/sserpdrow\/wp-json\/wp\/v2\/comments?post=2"}],"version-history":[{"count":72,"href":"https:\/\/a3partner.com\/sserpdrow\/wp-json\/wp\/v2\/pages\/2\/revisions"}],"predecessor-version":[{"id":391,"href":"https:\/\/a3partner.com\/sserpdrow\/wp-json\/wp\/v2\/pages\/2\/revisions\/391"}],"wp:attachment":[{"href":"https:\/\/a3partner.com\/sserpdrow\/wp-json\/wp\/v2\/media?parent=2"}],"curies":[{"name":"wp","href":"https:\/\/api.w.org\/{rel}","templated":true}]}}